{"id":398104,"date":"2024-07-18T20:31:49","date_gmt":"2024-07-19T00:31:49","guid":{"rendered":"https:\/\/montstmathieu.com\/golf\/cours\/"},"modified":"2026-05-11T09:18:02","modified_gmt":"2026-05-11T13:18:02","slug":"cours","status":"publish","type":"page","link":"https:\/\/montstmathieu.com\/en\/golf\/cours\/","title":{"rendered":"Cours"},"content":{"rendered":"\t\t<div data-elementor-type=\"wp-page\" data-elementor-id=\"398104\" class=\"elementor elementor-398104 elementor-25188\" data-elementor-post-type=\"page\">\n\t\t\t\t<div class=\"elementor-element elementor-element-0bfc7b2 e-flex e-con-boxed sc_layouts_column_icons_position_left e-con e-parent\" data-id=\"0bfc7b2\" data-element_type=\"container\" data-e-type=\"container\" data-settings=\"{&quot;background_background&quot;:&quot;classic&quot;}\">\n\t\t\t\t\t<div class=\"e-con-inner\">\n\t\t\t\t<div class=\"elementor-element elementor-element-692fd62 sc_fly_static elementor-widget elementor-widget-spacer\" data-id=\"692fd62\" data-element_type=\"widget\" data-e-type=\"widget\" data-widget_type=\"spacer.default\">\n\t\t\t\t<div class=\"elementor-widget-container\">\n\t\t\t\t\t\t\t<div class=\"elementor-spacer\">\n\t\t\t<div class=\"elementor-spacer-inner\"><\/div>\n\t\t<\/div>\n\t\t\t\t\t\t<\/div>\n\t\t\t\t<\/div>\n\t\t\t\t\t<\/div>\n\t\t\t\t<\/div>\n\t\t<div class=\"elementor-element elementor-element-6a8091f e-flex e-con-boxed sc_layouts_column_icons_position_left e-con e-parent\" data-id=\"6a8091f\" data-element_type=\"container\" data-e-type=\"container\" data-settings=\"{&quot;background_background&quot;:&quot;classic&quot;}\">\n\t\t\t\t\t<div class=\"e-con-inner\">\n\t\t\t\t<div class=\"elementor-element elementor-element-95b122d sc_fly_static elementor-widget elementor-widget-heading\" data-id=\"95b122d\" data-element_type=\"widget\" data-e-type=\"widget\" data-widget_type=\"heading.default\">\n\t\t\t\t<div class=\"elementor-widget-container\">\n\t\t\t\t\t<h2 class=\"elementor-heading-title elementor-size-default\">Cours de golf<\/h2>\t\t\t\t<\/div>\n\t\t\t\t<\/div>\n\t\t\t\t<div class=\"elementor-element elementor-element-657eaa3 sc_fly_static elementor-widget elementor-widget-spacer\" data-id=\"657eaa3\" data-element_type=\"widget\" data-e-type=\"widget\" data-widget_type=\"spacer.default\">\n\t\t\t\t<div class=\"elementor-widget-container\">\n\t\t\t\t\t\t\t<div class=\"elementor-spacer\">\n\t\t\t<div class=\"elementor-spacer-inner\"><\/div>\n\t\t<\/div>\n\t\t\t\t\t\t<\/div>\n\t\t\t\t<\/div>\n\t\t<div class=\"elementor-element elementor-element-0b658cc e-con-full e-flex sc_layouts_column_icons_position_left e-con e-child\" data-id=\"0b658cc\" data-element_type=\"container\" data-e-type=\"container\">\n\t\t<div class=\"elementor-element elementor-element-c7dec2f e-con-full e-flex sc_layouts_column_icons_position_left e-con e-child\" data-id=\"c7dec2f\" data-element_type=\"container\" data-e-type=\"container\">\n\t\t\t\t<div class=\"elementor-element elementor-element-193a5ef sc_fly_static elementor-widget elementor-widget-image\" data-id=\"193a5ef\" data-element_type=\"widget\" data-e-type=\"widget\" data-widget_type=\"image.default\">\n\t\t\t\t<div class=\"elementor-widget-container\">\n\t\t\t\t\t\t\t\t\t\t\t\t\t\t\t<img fetchpriority=\"high\" decoding=\"async\" width=\"750\" height=\"460\" src=\"https:\/\/montstmathieu.com\/wp-content\/uploads\/2024\/07\/SuzanneRoseProPGA.jpg\" class=\"attachment-large size-large wp-image-398063\" alt=\"\" srcset=\"https:\/\/montstmathieu.com\/wp-content\/uploads\/2024\/07\/SuzanneRoseProPGA.jpg 750w, https:\/\/montstmathieu.com\/wp-content\/uploads\/2024\/07\/SuzanneRoseProPGA-300x184.jpg 300w, https:\/\/montstmathieu.com\/wp-content\/uploads\/2024\/07\/SuzanneRoseProPGA-370x227.jpg 370w, https:\/\/montstmathieu.com\/wp-content\/uploads\/2024\/07\/SuzanneRoseProPGA-410x251.jpg 410w, https:\/\/montstmathieu.com\/wp-content\/uploads\/2024\/07\/SuzanneRoseProPGA-600x368.jpg 600w\" sizes=\"(max-width: 750px) 100vw, 750px\" \/>\t\t\t\t\t\t\t\t\t\t\t\t\t\t\t<\/div>\n\t\t\t\t<\/div>\n\t\t\t\t<\/div>\n\t\t<div class=\"elementor-element elementor-element-a6973f6 e-con-full e-flex sc_layouts_column_icons_position_left e-con e-child\" data-id=\"a6973f6\" data-element_type=\"container\" data-e-type=\"container\">\n\t\t\t\t<div class=\"elementor-element elementor-element-217d3a5 sc_fly_static elementor-widget elementor-widget-text-editor\" data-id=\"217d3a5\" data-element_type=\"widget\" data-e-type=\"widget\" data-widget_type=\"text-editor.default\">\n\t\t\t\t<div class=\"elementor-widget-container\">\n\t\t\t\t\t\t\t\t\t<p><strong data-start=\"81\" data-end=\"173\">Apprenez le golf avec Suzanne Rose, professionnelle certifi\u00e9e PGA du Canada depuis 2018.<\/strong><br data-start=\"173\" data-end=\"176\" \/>Que vous soyez d\u00e9butant ou joueur confirm\u00e9, b\u00e9n\u00e9ficiez de cours priv\u00e9s personnalis\u00e9s adapt\u00e9s \u00e0 votre niveau. D\u00e9couvrez des techniques simples et efficaces pour progresser rapidement tout en prenant plaisir \u00e0 jouer. Bas\u00e9e dans la r\u00e9gion des Basques, Suzanne vous accompagne avec passion et bonne humeur pour faire de votre apprentissage une exp\u00e9rience agr\u00e9able et motivante.<\/p>\t\t\t\t\t\t\t\t<\/div>\n\t\t\t\t<\/div>\n\t\t<div class=\"elementor-element elementor-element-74c1103 e-con-full e-flex sc_layouts_column_icons_position_left e-con e-child\" data-id=\"74c1103\" data-element_type=\"container\" data-e-type=\"container\">\n\t\t\t\t<div class=\"elementor-element elementor-element-0de8a3d elementor-align-center sc_fly_static elementor-widget elementor-widget-button\" data-id=\"0de8a3d\" data-element_type=\"widget\" data-e-type=\"widget\" data-widget_type=\"button.default\">\n\t\t\t\t<div class=\"elementor-widget-container\">\n\t\t\t\t\t\t\t\t\t<div class=\"elementor-button-wrapper\">\n\t\t\t\t\t<a class=\"elementor-button elementor-button-link elementor-size-sm\" href=\"tel:4187382298\">\n\t\t\t\t\t\t<span class=\"elementor-button-content-wrapper\">\n\t\t\t\t\t\t\t\t\t<span class=\"elementor-button-text\">Contactez nous<\/span>\n\t\t\t\t\t<\/span>\n\t\t\t\t\t<\/a>\n\t\t\t\t<\/div>\n\t\t\t\t\t\t\t\t<\/div>\n\t\t\t\t<\/div>\n\t\t\t\t<\/div>\n\t\t\t\t<\/div>\n\t\t\t\t<\/div>\n\t\t\t\t\t<\/div>\n\t\t\t\t<\/div>\n\t\t<div class=\"elementor-element elementor-element-5ace160 e-flex e-con-boxed sc_layouts_column_icons_position_left e-con e-parent\" data-id=\"5ace160\" data-element_type=\"container\" data-e-type=\"container\">\n\t\t\t\t\t<div class=\"e-con-inner\">\n\t\t<div class=\"elementor-element elementor-element-408ad98 e-con-full e-flex sc_layouts_column_icons_position_left e-con e-child\" data-id=\"408ad98\" data-element_type=\"container\" data-e-type=\"container\">\n\t\t\t\t<div class=\"elementor-element elementor-element-b795be4 sc_fly_static elementor-widget elementor-widget-heading\" data-id=\"b795be4\" data-element_type=\"widget\" data-e-type=\"widget\" data-widget_type=\"heading.default\">\n\t\t\t\t<div class=\"elementor-widget-container\">\n\t\t\t\t\t<h5 class=\"elementor-heading-title elementor-size-default\">Passionn\u00e9e de golf depuis toujours ! <\/h5>\t\t\t\t<\/div>\n\t\t\t\t<\/div>\n\t\t\t\t<div class=\"elementor-element elementor-element-e45eda6 sc_fly_static elementor-widget elementor-widget-text-editor\" data-id=\"e45eda6\" data-element_type=\"widget\" data-e-type=\"widget\" data-widget_type=\"text-editor.default\">\n\t\t\t\t<div class=\"elementor-widget-container\">\n\t\t\t\t\t\t\t\t\t<p>Apprenez le golf avec Suzanne Rose, professionnelle certifi\u00e9e PGA du Canada depuis 2018.&nbsp;<\/p><p>Que vous soyez d\u00e9butant ou joueur confirm\u00e9, b\u00e9n\u00e9ficiez de cours priv\u00e9s personnalis\u00e9s adapt\u00e9s \u00e0 votre niveau. D\u00e9couvrez des techniques simples et efficaces pour progresser rapidement tout en prenant plaisir \u00e0 jouer. Bas\u00e9e dans la r\u00e9gion des Basques, Suzanne vous accompagne avec passion et bonne humeur pour faire de votre apprentissage une exp\u00e9rience agr\u00e9able et motivante.&nbsp;<\/p>\t\t\t\t\t\t\t\t<\/div>\n\t\t\t\t<\/div>\n\t\t\t\t<div class=\"elementor-element elementor-element-94ec5a7 e-n-tabs-direction-block-start e-n-tabs-none scheme_ski__2 sc_fly_static elementor-widget elementor-widget-n-tabs\" data-id=\"94ec5a7\" data-element_type=\"widget\" data-e-type=\"widget\" data-settings=\"{&quot;tabs_justify_horizontal&quot;:&quot;stretch&quot;,&quot;horizontal_scroll&quot;:&quot;disable&quot;}\" data-widget_type=\"nested-tabs.default\">\n\t\t\t\t<div class=\"elementor-widget-container\">\n\t\t\t\t\t\t\t<div class=\"e-n-tabs\" data-widget-number=\"156157351\" aria-label=\"Tabs. Open items with Enter or Space, close with Escape and navigate using the Arrow keys.\">\n\t\t\t<div class=\"e-n-tabs-heading\" role=\"tablist\">\n\t\t\t\t\t<div id=\"e-n-tab-title-1561573511\" data-tab-title-id=\"e-n-tab-title-1561573511\" class=\"e-n-tab-title\" aria-selected=\"true\" data-tab-index=\"1\" role=\"tab\" tabindex=\"0\" aria-controls=\"e-n-tab-content-1561573511\" style=\"--n-tabs-title-order: 1;\">\n\t\t\t\t\t<span class=\"e-n-tab-icon\">\n\t\t\t<i aria-hidden=\"true\" class=\"fas fa-caret-down\"><\/i>\t\t\t<i aria-hidden=\"true\" class=\"fas fa-caret-up\"><\/i>\t\t<\/span>\n\t\t\t\t\t<span class=\"e-n-tab-title-text\">\n\t\t\t\tCours de groupe\t\t\t<\/span>\n\t\t<\/div>\n\t\t\t\t\t<\/div>\n\t\t\t<div class=\"e-n-tabs-content\">\n\t\t\t\t<div id=\"e-n-tab-content-1561573511\" role=\"tabpanel\" aria-labelledby=\"e-n-tab-title-1561573511\" data-tab-index=\"1\" style=\"--n-tabs-title-order: 1;\" class=\"e-active elementor-element elementor-element-bd3ddeb e-con-full e-flex sc_layouts_column_icons_position_left e-con e-child\" data-id=\"bd3ddeb\" data-element_type=\"container\" data-e-type=\"container\">\n\t\t\t\t<div class=\"elementor-element elementor-element-32852ac sc_fly_static elementor-widget elementor-widget-heading\" data-id=\"32852ac\" data-element_type=\"widget\" data-e-type=\"widget\" data-widget_type=\"heading.default\">\n\t\t\t\t<div class=\"elementor-widget-container\">\n\t\t\t\t\t<h6 class=\"elementor-heading-title elementor-size-default\">Session \u00e9t\u00e9 2026<\/h6>\t\t\t\t<\/div>\n\t\t\t\t<\/div>\n\t\t\t\t<div class=\"elementor-element elementor-element-d5b8c5c sc_fly_static elementor-widget elementor-widget-text-editor\" data-id=\"d5b8c5c\" data-element_type=\"widget\" data-e-type=\"widget\" data-widget_type=\"text-editor.default\">\n\t\t\t\t<div class=\"elementor-widget-container\">\n\t\t\t\t\t\t\t\t\t<p>Une session de 4 cours de groupe d\u00e9bute en juin !\u00a0<\/p>\t\t\t\t\t\t\t\t<\/div>\n\t\t\t\t<\/div>\n\t\t\t\t<div class=\"elementor-element elementor-element-a6a3080 elementor-widget__width-inherit scheme_ski__2 sc_fly_static elementor-widget elementor-widget-trx_sc_price\" data-id=\"a6a3080\" data-element_type=\"widget\" data-e-type=\"widget\" data-widget_type=\"trx_sc_price.default\">\n\t\t\t\t<div class=\"elementor-widget-container\">\n\t\t\t\t\t<div  \r\n\tclass=\"sc_price scheme_ski__2 sc_price_simple_shadow\"><div class=\"sc_price_content sc_item_content\"><div class=\"sc_price_item sc_price_item_simple_shadow with_image with_bg_color\" style=\"background-color:var(--e-global-color-69bf31ed);\">\r\n\t\t\t<div class=\"sc_price_item_inner\"><div class=\"sc_price_item_info_top\"><h3 class=\"sc_price_item_title\"><span>Session de le\u00e7ons de groupe<\/span><\/h3><\/div><div class=\"sc_price_item_info\"><div class=\"sc_price_item_details\"><p>Le\u00e7on de groupe d\u2019une dur\u00e9e de 50 minutes durant 4 semaines.\u00a0<\/p><p style=\"text-align: left;\"><strong>\u00c2ge<\/strong> : 7 \u00e0 14 ans<\/p><p style=\"text-align: left;\"><strong>Heure<\/strong> : Samedis \u00e0 13h00<\/p><p style=\"text-align: left;\"><span style=\"color: #1d1d1d;\"><b>Dates de cours : <\/b>20 juin, 27 juin, 4 juillet et 11 juillet 2026<\/span><\/p><p style=\"text-align: left;\"><strong>Tarifs<\/strong> : 125$ pour les 4 le\u00e7ons<\/p><\/div><\/div><!-- \/.sc_price_item_info --><\/div><!-- \/.sc_price_item_inner --><\/div><\/div><\/div><!-- \/.sc_price -->\t\t\t\t<\/div>\n\t\t\t\t<\/div>\n\t\t\t\t<\/div>\n\t\t\t\t\t<\/div>\n\t\t<\/div>\n\t\t\t\t\t\t<\/div>\n\t\t\t\t<\/div>\n\t\t\t\t<\/div>\n\t\t\t\t\t<\/div>\n\t\t\t\t<\/div>\n\t\t\t\t<\/div>\n\t\t","protected":false},"excerpt":{"rendered":"<p>Cours de golf Apprenez le golf avec Suzanne Rose, professionnelle certifi\u00e9e PGA du Canada depuis&hellip;<\/p>\n","protected":false},"author":1,"featured_media":0,"parent":398027,"menu_order":0,"comment_status":"closed","ping_status":"closed","template":"","meta":{"footnotes":""},"class_list":["post-398104","page","type-page","status-publish","hentry"],"yoast_head":"<!-- This site is optimized with the Yoast SEO plugin v27.6 - https:\/\/yoast.com\/product\/yoast-seo-wordpress\/ -->\n<title>Cours - Parc du Mont St-Mathieu<\/title>\n<meta name=\"description\" content=\"Apprenez le golf avec Suzanne Rose, pro PGA du Canada depuis 2018. Cours de golf priv\u00e9s adapt\u00e9s \u00e0 tous niveaux, plaisir et progr\u00e8s garantis dans la r\u00e9gion des Basques.\" \/>\n<meta name=\"robots\" content=\"index, follow, max-snippet:-1, max-image-preview:large, max-video-preview:-1\" \/>\n<link rel=\"canonical\" href=\"https:\/\/montstmathieu.com\/en\/golf\/cours\/\" \/>\n<meta property=\"og:locale\" content=\"en_US\" \/>\n<meta property=\"og:type\" content=\"article\" \/>\n<meta property=\"og:title\" content=\"Cours - Parc du Mont St-Mathieu\" \/>\n<meta property=\"og:description\" content=\"Apprenez le golf avec Suzanne Rose, pro PGA du Canada depuis 2018. Cours de golf priv\u00e9s adapt\u00e9s \u00e0 tous niveaux, plaisir et progr\u00e8s garantis dans la r\u00e9gion des Basques.\" \/>\n<meta property=\"og:url\" content=\"https:\/\/montstmathieu.com\/en\/golf\/cours\/\" \/>\n<meta property=\"og:site_name\" content=\"Parc du Mont St-Mathieu\" \/>\n<meta property=\"article:modified_time\" content=\"2026-05-11T13:18:02+00:00\" \/>\n<meta property=\"og:image\" content=\"https:\/\/montstmathieu.com\/wp-content\/uploads\/2024\/07\/SuzanneRoseProPGA.jpg\" \/>\n\t<meta property=\"og:image:width\" content=\"750\" \/>\n\t<meta property=\"og:image:height\" content=\"460\" \/>\n\t<meta property=\"og:image:type\" content=\"image\/jpeg\" \/>\n<meta name=\"twitter:card\" content=\"summary_large_image\" \/>\n<meta name=\"twitter:label1\" content=\"Est. reading time\" \/>\n\t<meta name=\"twitter:data1\" content=\"2 minutes\" \/>\n<!-- \/ Yoast SEO plugin. -->","yoast_head_json":{"title":"Cours - Parc du Mont St-Mathieu","description":"Apprenez le golf avec Suzanne Rose, pro PGA du Canada depuis 2018. Cours de golf priv\u00e9s adapt\u00e9s \u00e0 tous niveaux, plaisir et progr\u00e8s garantis dans la r\u00e9gion des Basques.","robots":{"index":"index","follow":"follow","max-snippet":"max-snippet:-1","max-image-preview":"max-image-preview:large","max-video-preview":"max-video-preview:-1"},"canonical":"https:\/\/montstmathieu.com\/en\/golf\/cours\/","og_locale":"en_US","og_type":"article","og_title":"Cours - Parc du Mont St-Mathieu","og_description":"Apprenez le golf avec Suzanne Rose, pro PGA du Canada depuis 2018. Cours de golf priv\u00e9s adapt\u00e9s \u00e0 tous niveaux, plaisir et progr\u00e8s garantis dans la r\u00e9gion des Basques.","og_url":"https:\/\/montstmathieu.com\/en\/golf\/cours\/","og_site_name":"Parc du Mont St-Mathieu","article_modified_time":"2026-05-11T13:18:02+00:00","og_image":[{"width":750,"height":460,"url":"https:\/\/montstmathieu.com\/wp-content\/uploads\/2024\/07\/SuzanneRoseProPGA.jpg","type":"image\/jpeg"}],"twitter_card":"summary_large_image","twitter_misc":{"Est. reading time":"2 minutes"},"schema":{"@context":"https:\/\/schema.org","@graph":[{"@type":"WebPage","@id":"https:\/\/montstmathieu.com\/en\/golf\/cours\/","url":"https:\/\/montstmathieu.com\/en\/golf\/cours\/","name":"Cours - Parc du Mont St-Mathieu","isPartOf":{"@id":"https:\/\/montstmathieu.com\/en\/#website"},"primaryImageOfPage":{"@id":"https:\/\/montstmathieu.com\/en\/golf\/cours\/#primaryimage"},"image":{"@id":"https:\/\/montstmathieu.com\/en\/golf\/cours\/#primaryimage"},"thumbnailUrl":"https:\/\/montstmathieu.com\/wp-content\/uploads\/2024\/07\/SuzanneRoseProPGA.jpg","datePublished":"2024-07-19T00:31:49+00:00","dateModified":"2026-05-11T13:18:02+00:00","description":"Apprenez le golf avec Suzanne Rose, pro PGA du Canada depuis 2018. Cours de golf priv\u00e9s adapt\u00e9s \u00e0 tous niveaux, plaisir et progr\u00e8s garantis dans la r\u00e9gion des Basques.","breadcrumb":{"@id":"https:\/\/montstmathieu.com\/en\/golf\/cours\/#breadcrumb"},"inLanguage":"en-US","potentialAction":[{"@type":"ReadAction","target":["https:\/\/montstmathieu.com\/en\/golf\/cours\/"]}]},{"@type":"ImageObject","inLanguage":"en-US","@id":"https:\/\/montstmathieu.com\/en\/golf\/cours\/#primaryimage","url":"https:\/\/montstmathieu.com\/wp-content\/uploads\/2024\/07\/SuzanneRoseProPGA.jpg","contentUrl":"https:\/\/montstmathieu.com\/wp-content\/uploads\/2024\/07\/SuzanneRoseProPGA.jpg"},{"@type":"BreadcrumbList","@id":"https:\/\/montstmathieu.com\/en\/golf\/cours\/#breadcrumb","itemListElement":[{"@type":"ListItem","position":1,"name":"Accueil","item":"https:\/\/montstmathieu.com\/en\/"},{"@type":"ListItem","position":2,"name":"Golf","item":"https:\/\/montstmathieu.com\/en\/golf\/"},{"@type":"ListItem","position":3,"name":"Cours"}]},{"@type":"WebSite","@id":"https:\/\/montstmathieu.com\/en\/#website","url":"https:\/\/montstmathieu.com\/en\/","name":"Parc du Mont St-Mathieu","description":"Ski, Golf, V\u00e9lo","publisher":{"@id":"https:\/\/montstmathieu.com\/en\/#organization"},"potentialAction":[{"@type":"SearchAction","target":{"@type":"EntryPoint","urlTemplate":"https:\/\/montstmathieu.com\/en\/?s={search_term_string}"},"query-input":{"@type":"PropertyValueSpecification","valueRequired":true,"valueName":"search_term_string"}}],"inLanguage":"en-US"},{"@type":"Organization","@id":"https:\/\/montstmathieu.com\/en\/#organization","name":"Parc du Mont St-Mathieu","url":"https:\/\/montstmathieu.com\/en\/","logo":{"@type":"ImageObject","inLanguage":"en-US","@id":"https:\/\/montstmathieu.com\/en\/#\/schema\/logo\/image\/","url":"https:\/\/montstmathieu.com\/wp-content\/uploads\/2024\/06\/PMSM_Renverse_horizontal.png","contentUrl":"https:\/\/montstmathieu.com\/wp-content\/uploads\/2024\/06\/PMSM_Renverse_horizontal.png","width":701,"height":200,"caption":"Parc du Mont St-Mathieu"},"image":{"@id":"https:\/\/montstmathieu.com\/en\/#\/schema\/logo\/image\/"}}]}},"_links":{"self":[{"href":"https:\/\/montstmathieu.com\/en\/wp-json\/wp\/v2\/pages\/398104","targetHints":{"allow":["GET"]}}],"collection":[{"href":"https:\/\/montstmathieu.com\/en\/wp-json\/wp\/v2\/pages"}],"about":[{"href":"https:\/\/montstmathieu.com\/en\/wp-json\/wp\/v2\/types\/page"}],"author":[{"embeddable":true,"href":"https:\/\/montstmathieu.com\/en\/wp-json\/wp\/v2\/users\/1"}],"replies":[{"embeddable":true,"href":"https:\/\/montstmathieu.com\/en\/wp-json\/wp\/v2\/comments?post=398104"}],"version-history":[{"count":12,"href":"https:\/\/montstmathieu.com\/en\/wp-json\/wp\/v2\/pages\/398104\/revisions"}],"predecessor-version":[{"id":829761,"href":"https:\/\/montstmathieu.com\/en\/wp-json\/wp\/v2\/pages\/398104\/revisions\/829761"}],"up":[{"embeddable":true,"href":"https:\/\/montstmathieu.com\/en\/wp-json\/wp\/v2\/pages\/398027"}],"wp:attachment":[{"href":"https:\/\/montstmathieu.com\/en\/wp-json\/wp\/v2\/media?parent=398104"}],"curies":[{"name":"wp","href":"https:\/\/api.w.org\/{rel}","templated":true}]}}